{"id":26,"date":"2023-12-01T14:35:04","date_gmt":"2023-12-01T14:35:04","guid":{"rendered":"https:\/\/purehorsetherapy.de\/?page_id=26"},"modified":"2026-02-03T07:44:37","modified_gmt":"2026-02-03T06:44:37","slug":"uber-melissa","status":"publish","type":"page","link":"https:\/\/purehorsetraining.de\/nl_nl\/uber-melissa\/","title":{"rendered":"Over Melissa"},"content":{"rendered":"<div data-elementor-type=\"wp-page\" data-elementor-id=\"26\" class=\"elementor elementor-26\" data-elementor-post-type=\"page\">\n\t\t\t\t<div class=\"elementor-element elementor-element-2834225 e-con-full e-flex e-con e-parent\" data-id=\"2834225\" data-element_type=\"container\" data-e-type=\"container\" data-settings=\"{&quot;background_background&quot;:&quot;classic&quot;}\">\n\t\t\t\t<div class=\"elementor-element elementor-element-254652d animated-slow elementor-invisible elementor-widget elementor-widget-heading\" data-id=\"254652d\" data-element_type=\"widget\" data-e-type=\"widget\" data-settings=\"{&quot;_animation&quot;:&quot;fadeInDown&quot;}\" data-widget_type=\"heading.default\">\n\t\t\t\t<div class=\"elementor-widget-container\">\n\t\t\t\t\t<h1 class=\"elementor-heading-title elementor-size-default\">Over Melissa<\/h1>\t\t\t\t<\/div>\n\t\t\t\t<\/div>\n\t\t\t\t<\/div>\n\t\t\t\t<section class=\"elementor-section elementor-top-section elementor-element elementor-element-db53abf elementor-section-boxed elementor-section-height-default elementor-section-height-default\" data-id=\"db53abf\" data-element_type=\"section\" data-e-type=\"section\">\n\t\t\t\t\t\t<div class=\"elementor-container elementor-column-gap-no\">\n\t\t\t\t\t<div class=\"elementor-column elementor-col-100 elementor-top-column elementor-element elementor-element-cda79f4\" data-id=\"cda79f4\" data-element_type=\"column\" data-e-type=\"column\">\n\t\t\t<div class=\"elementor-widget-wrap elementor-element-populated\">\n\t\t\t\t<div class=\"elementor-element elementor-element-bdb79ca e-con-full e-flex e-con e-parent\" data-id=\"bdb79ca\" data-element_type=\"container\" data-e-type=\"container\">\n\t\t<div class=\"elementor-element elementor-element-e80796e e-con-full e-flex e-con e-child\" data-id=\"e80796e\" data-element_type=\"container\" data-e-type=\"container\">\n\t\t\t\t<div class=\"elementor-element elementor-element-49401a3 elementor-widget elementor-widget-image\" data-id=\"49401a3\" data-element_type=\"widget\" data-e-type=\"widget\" data-widget_type=\"image.default\">\n\t\t\t\t<div class=\"elementor-widget-container\">\n\t\t\t\t\t\t\t\t\t\t\t\t\t\t\t<img fetchpriority=\"high\" decoding=\"async\" width=\"1024\" height=\"683\" src=\"https:\/\/purehorsetraining.de\/wp-content\/uploads\/2024\/01\/66A1705_web-1-1-1024x683.jpg\" class=\"attachment-large size-large wp-image-1530\" alt=\"Pure Horse Therapy\" srcset=\"https:\/\/purehorsetraining.de\/wp-content\/uploads\/2024\/01\/66A1705_web-1-1-1024x683.jpg 1024w, https:\/\/purehorsetraining.de\/wp-content\/uploads\/2024\/01\/66A1705_web-1-1-300x200.jpg 300w, https:\/\/purehorsetraining.de\/wp-content\/uploads\/2024\/01\/66A1705_web-1-1-768x512.jpg 768w, https:\/\/purehorsetraining.de\/wp-content\/uploads\/2024\/01\/66A1705_web-1-1-1536x1025.jpg 1536w\" sizes=\"(max-width: 1024px) 100vw, 1024px\" \/>\t\t\t\t\t\t\t\t\t\t\t\t\t\t\t<\/div>\n\t\t\t\t<\/div>\n\t\t\t\t<\/div>\n\t\t<div class=\"elementor-element elementor-element-860c524 e-con-full e-flex e-con e-child\" data-id=\"860c524\" data-element_type=\"container\" data-e-type=\"container\" data-settings=\"{&quot;background_background&quot;:&quot;classic&quot;}\">\n\t\t\t\t<div class=\"elementor-element elementor-element-52f36d3 elementor-widget elementor-widget-heading\" data-id=\"52f36d3\" data-element_type=\"widget\" data-e-type=\"widget\" data-widget_type=\"heading.default\">\n\t\t\t\t<div class=\"elementor-widget-container\">\n\t\t\t\t\t<h2 class=\"elementor-heading-title elementor-size-default\">Melissa Moens<\/h2>\t\t\t\t<\/div>\n\t\t\t\t<\/div>\n\t\t\t\t<div class=\"elementor-element elementor-element-6e86500 elementor-widget-divider--view-line elementor-widget elementor-widget-divider\" data-id=\"6e86500\" data-element_type=\"widget\" data-e-type=\"widget\" data-widget_type=\"divider.default\">\n\t\t\t\t<div class=\"elementor-widget-container\">\n\t\t\t\t\t\t\t<div class=\"elementor-divider\">\n\t\t\t<span class=\"elementor-divider-separator\">\n\t\t\t\t\t\t<\/span>\n\t\t<\/div>\n\t\t\t\t\t\t<\/div>\n\t\t\t\t<\/div>\n\t\t\t\t<div class=\"elementor-element elementor-element-da055ab elementor-widget__width-initial elementor-widget elementor-widget-text-editor\" data-id=\"da055ab\" data-element_type=\"widget\" data-e-type=\"widget\" data-widget_type=\"text-editor.default\">\n\t\t\t\t<div class=\"elementor-widget-container\">\n\t\t\t\t\t\t\t\t\t<p>Mijn passie is om paarden en mensen dichter bij elkaar te brengen, zodat ze elkaar beter begrijpen en met meer plezier en vertrouwen kunnen samenwerken.<\/p><p>Waar ik vooral mee bezig ben:<\/p><ul><li>Het trainen van (jonge) paarden.<\/li><li>Oplossen van gedragsproblemen.<\/li><li>Mensen helpen een betere partner voor hun paard te worden.<\/li><li>Een basis leggen om problemen te voorkomen in plaats van ze te verhelpen.<\/li><\/ul><div><p>Een paar feiten over mij...<\/p><ul><li>Eigenaar van Pure Horse Therapy sinds 2021.<\/li><li>Opleiding afgerond bij Get Good with Horses.<\/li><li>Eigenlijk opgeleid tot office management assistant.<\/li><li>Kan eindeloos leren als het om paarden gaat.<\/li><li>Van jongs af aan omringd door paarden.<\/li><\/ul><\/div>\t\t\t\t\t\t\t\t<\/div>\n\t\t\t\t<\/div>\n\t\t\t\t<\/div>\n\t\t\t\t<\/div>\n\t\t<div class=\"elementor-element elementor-element-0ddef92 e-con-full e-flex e-con e-parent\" data-id=\"0ddef92\" data-element_type=\"container\" data-e-type=\"container\">\n\t\t<div class=\"elementor-element elementor-element-beb2c4d e-con-full e-flex e-con e-child\" data-id=\"beb2c4d\" data-element_type=\"container\" data-e-type=\"container\" data-settings=\"{&quot;background_background&quot;:&quot;classic&quot;}\">\n\t\t\t\t<div class=\"elementor-element elementor-element-446d8fe elementor-widget elementor-widget-heading\" data-id=\"446d8fe\" data-element_type=\"widget\" data-e-type=\"widget\" data-widget_type=\"heading.default\">\n\t\t\t\t<div class=\"elementor-widget-container\">\n\t\t\t\t\t<h2 class=\"elementor-heading-title elementor-size-default\">Piper<\/h2>\t\t\t\t<\/div>\n\t\t\t\t<\/div>\n\t\t\t\t<div class=\"elementor-element elementor-element-f515e2c elementor-widget elementor-widget-heading\" data-id=\"f515e2c\" data-element_type=\"widget\" data-e-type=\"widget\" data-widget_type=\"heading.default\">\n\t\t\t\t<div class=\"elementor-widget-container\">\n\t\t\t\t\t<h3 class=\"elementor-heading-title elementor-size-default\">Geboren op: 30.10.2009<\/h3>\t\t\t\t<\/div>\n\t\t\t\t<\/div>\n\t\t\t\t<div class=\"elementor-element elementor-element-0c9ce5e elementor-widget-divider--view-line elementor-widget elementor-widget-divider\" data-id=\"0c9ce5e\" data-element_type=\"widget\" data-e-type=\"widget\" data-widget_type=\"divider.default\">\n\t\t\t\t<div class=\"elementor-widget-container\">\n\t\t\t\t\t\t\t<div class=\"elementor-divider\">\n\t\t\t<span class=\"elementor-divider-separator\">\n\t\t\t\t\t\t<\/span>\n\t\t<\/div>\n\t\t\t\t\t\t<\/div>\n\t\t\t\t<\/div>\n\t\t\t\t<div class=\"elementor-element elementor-element-1aedb4a elementor-widget-mobile__width-initial elementor-widget__width-initial elementor-widget elementor-widget-text-editor\" data-id=\"1aedb4a\" data-element_type=\"widget\" data-e-type=\"widget\" data-widget_type=\"text-editor.default\">\n\t\t\t\t<div class=\"elementor-widget-container\">\n\t\t\t\t\t\t\t\t\t<p>Piper staat sinds 2014 aan mijn zijde. Ze leidde me zelfs op het pad naar Natural Horsemanship. Toen ze bij me kwam, had ze een halster in haar neus en was ze erg mager, ondanks dat zij drachtig was.<\/p><p>\u00a0<\/p><p>Omdat ze een slechte start had gehad voordat ze bij mij kwam, was haar houding tegenover alles wat met contact met mensen te maken had erg negatief. Toen haar gezondheid verbeterde, wilde ik haar gaan trainen. Het heftige terugtrekken en losrukken bepaalden ons dagelijks leven...<\/p><p>\u00a0<\/p><p>Vele jaren hard werken hebben ervoor gezorgd dat ze de betrouwbare partner kon worden die ze nu is.<\/p>\t\t\t\t\t\t\t\t<\/div>\n\t\t\t\t<\/div>\n\t\t\t\t<\/div>\n\t\t<div class=\"elementor-element elementor-element-0ec7d83 e-con-full e-flex e-con e-child\" data-id=\"0ec7d83\" data-element_type=\"container\" data-e-type=\"container\">\n\t\t\t\t<div class=\"elementor-element elementor-element-e16305e elementor-widget__width-initial elementor-widget elementor-widget-image\" data-id=\"e16305e\" data-element_type=\"widget\" data-e-type=\"widget\" data-widget_type=\"image.default\">\n\t\t\t\t<div class=\"elementor-widget-container\">\n\t\t\t\t\t\t\t\t\t\t\t\t\t\t\t<img decoding=\"async\" width=\"2560\" height=\"1708\" src=\"https:\/\/purehorsetraining.de\/wp-content\/uploads\/2023\/12\/IMG_6691-1-scaled.jpg\" class=\"attachment-full size-full wp-image-1344\" alt=\"Melissa Moens\" srcset=\"https:\/\/purehorsetraining.de\/wp-content\/uploads\/2023\/12\/IMG_6691-1-scaled.jpg 2560w, https:\/\/purehorsetraining.de\/wp-content\/uploads\/2023\/12\/IMG_6691-1-300x200.jpg 300w, https:\/\/purehorsetraining.de\/wp-content\/uploads\/2023\/12\/IMG_6691-1-1024x683.jpg 1024w, https:\/\/purehorsetraining.de\/wp-content\/uploads\/2023\/12\/IMG_6691-1-768x512.jpg 768w, https:\/\/purehorsetraining.de\/wp-content\/uploads\/2023\/12\/IMG_6691-1-1536x1025.jpg 1536w\" sizes=\"(max-width: 2560px) 100vw, 2560px\" \/>\t\t\t\t\t\t\t\t\t\t\t\t\t\t\t<\/div>\n\t\t\t\t<\/div>\n\t\t\t\t<\/div>\n\t\t\t\t<\/div>\n\t\t<div class=\"elementor-element elementor-element-5f4a026 e-con-full e-flex e-con e-parent\" data-id=\"5f4a026\" data-element_type=\"container\" data-e-type=\"container\">\n\t\t<div class=\"elementor-element elementor-element-63a4157 e-con-full e-flex e-con e-child\" data-id=\"63a4157\" data-element_type=\"container\" data-e-type=\"container\">\n\t\t\t\t<div class=\"elementor-element elementor-element-85c48f7 elementor-widget elementor-widget-image\" data-id=\"85c48f7\" data-element_type=\"widget\" data-e-type=\"widget\" data-widget_type=\"image.default\">\n\t\t\t\t<div class=\"elementor-widget-container\">\n\t\t\t\t\t\t\t\t\t\t\t\t\t\t\t<img decoding=\"async\" width=\"1600\" height=\"1200\" src=\"https:\/\/purehorsetraining.de\/wp-content\/uploads\/2024\/02\/48ca1d10-e889-4524-9b31-ef4b0da717be.jpg\" class=\"attachment-full size-full wp-image-1828\" alt=\"\" srcset=\"https:\/\/purehorsetraining.de\/wp-content\/uploads\/2024\/02\/48ca1d10-e889-4524-9b31-ef4b0da717be.jpg 1600w, https:\/\/purehorsetraining.de\/wp-content\/uploads\/2024\/02\/48ca1d10-e889-4524-9b31-ef4b0da717be-300x225.jpg 300w, https:\/\/purehorsetraining.de\/wp-content\/uploads\/2024\/02\/48ca1d10-e889-4524-9b31-ef4b0da717be-1024x768.jpg 1024w, https:\/\/purehorsetraining.de\/wp-content\/uploads\/2024\/02\/48ca1d10-e889-4524-9b31-ef4b0da717be-768x576.jpg 768w, https:\/\/purehorsetraining.de\/wp-content\/uploads\/2024\/02\/48ca1d10-e889-4524-9b31-ef4b0da717be-1536x1152.jpg 1536w, https:\/\/purehorsetraining.de\/wp-content\/uploads\/2024\/02\/48ca1d10-e889-4524-9b31-ef4b0da717be-16x12.jpg 16w, https:\/\/purehorsetraining.de\/wp-content\/uploads\/2024\/02\/48ca1d10-e889-4524-9b31-ef4b0da717be-600x450.jpg 600w\" sizes=\"(max-width: 1600px) 100vw, 1600px\" \/>\t\t\t\t\t\t\t\t\t\t\t\t\t\t\t<\/div>\n\t\t\t\t<\/div>\n\t\t\t\t<\/div>\n\t\t<div class=\"elementor-element elementor-element-ff61f03 e-con-full e-flex e-con e-child\" data-id=\"ff61f03\" data-element_type=\"container\" data-e-type=\"container\" data-settings=\"{&quot;background_background&quot;:&quot;classic&quot;}\">\n\t\t\t\t<div class=\"elementor-element elementor-element-5961284 elementor-widget elementor-widget-heading\" data-id=\"5961284\" data-element_type=\"widget\" data-e-type=\"widget\" data-widget_type=\"heading.default\">\n\t\t\t\t<div class=\"elementor-widget-container\">\n\t\t\t\t\t<h2 class=\"elementor-heading-title elementor-size-default\">O'Malley<\/h2>\t\t\t\t<\/div>\n\t\t\t\t<\/div>\n\t\t\t\t<div class=\"elementor-element elementor-element-87eb5ae elementor-widget elementor-widget-heading\" data-id=\"87eb5ae\" data-element_type=\"widget\" data-e-type=\"widget\" data-widget_type=\"heading.default\">\n\t\t\t\t<div class=\"elementor-widget-container\">\n\t\t\t\t\t<h3 class=\"elementor-heading-title elementor-size-default\">Geboren op: 02.05.2015<\/h3>\t\t\t\t<\/div>\n\t\t\t\t<\/div>\n\t\t\t\t<div class=\"elementor-element elementor-element-4519c5c elementor-widget-divider--view-line elementor-widget elementor-widget-divider\" data-id=\"4519c5c\" data-element_type=\"widget\" data-e-type=\"widget\" data-widget_type=\"divider.default\">\n\t\t\t\t<div class=\"elementor-widget-container\">\n\t\t\t\t\t\t\t<div class=\"elementor-divider\">\n\t\t\t<span class=\"elementor-divider-separator\">\n\t\t\t\t\t\t<\/span>\n\t\t<\/div>\n\t\t\t\t\t\t<\/div>\n\t\t\t\t<\/div>\n\t\t\t\t<div class=\"elementor-element elementor-element-606154f elementor-widget__width-initial elementor-widget elementor-widget-text-editor\" data-id=\"606154f\" data-element_type=\"widget\" data-e-type=\"widget\" data-widget_type=\"text-editor.default\">\n\t\t\t\t<div class=\"elementor-widget-container\">\n\t\t\t\t\t\t\t\t\t<p>O&#8217;Malley ist seit seiner Geburt an meiner Seite. Das lustige an ihm ist, er ist genau das Pferd was ich immer haben wollte. Fr\u00fcher als kleines M\u00e4dchen war ich schon verliebt in Tinker und sagte immer: &#8222;Sp\u00e4ter wenn ich gro\u00df bin, m\u00f6chte ich ein sehr gro\u00dfer Tinker Wallach in der Farbe Schoko braun. Ich werde ihn O&#8217;Malley nenn.&#8220; Ein paar Jahre sp\u00e4ter kam er dann, in meinem Beisein, zur Welt.<\/p><p>\u00a0<\/p><p>Hoewel hij mijn absolute droompaard is, was het niet altijd makkelijk met hem. Schoppen en bijten maakten deel uit van ons dagelijks leven....<\/p><p>\u00a0<\/p><p>Vele jaren later is hij mijn beste vriend geworden. Samen beleven we de coolste avonturen en hij begeleidt me bij elke stap op weg naar succes met paarden. Hij heeft me ook vergezeld naar de Get good with horses Academy.<\/p>\t\t\t\t\t\t\t\t<\/div>\n\t\t\t\t<\/div>\n\t\t\t\t<\/div>\n\t\t\t\t<\/div>\n\t\t<div class=\"elementor-element elementor-element-0795fc5 e-con-full e-flex e-con e-parent\" data-id=\"0795fc5\" data-element_type=\"container\" data-e-type=\"container\">\n\t\t<div class=\"elementor-element elementor-element-4882b5e e-con-full e-flex e-con e-child\" data-id=\"4882b5e\" data-element_type=\"container\" data-e-type=\"container\" data-settings=\"{&quot;background_background&quot;:&quot;classic&quot;}\">\n\t\t\t\t<div class=\"elementor-element elementor-element-227830d elementor-widget elementor-widget-heading\" data-id=\"227830d\" data-element_type=\"widget\" data-e-type=\"widget\" data-widget_type=\"heading.default\">\n\t\t\t\t<div class=\"elementor-widget-container\">\n\t\t\t\t\t<h2 class=\"elementor-heading-title elementor-size-default\">O'Livia<\/h2>\t\t\t\t<\/div>\n\t\t\t\t<\/div>\n\t\t\t\t<div class=\"elementor-element elementor-element-23d9a45 elementor-widget elementor-widget-heading\" data-id=\"23d9a45\" data-element_type=\"widget\" data-e-type=\"widget\" data-widget_type=\"heading.default\">\n\t\t\t\t<div class=\"elementor-widget-container\">\n\t\t\t\t\t<h3 class=\"elementor-heading-title elementor-size-default\">Geboren op: 07.05.2015<\/h3>\t\t\t\t<\/div>\n\t\t\t\t<\/div>\n\t\t\t\t<div class=\"elementor-element elementor-element-4e994a4 elementor-widget-divider--view-line elementor-widget elementor-widget-divider\" data-id=\"4e994a4\" data-element_type=\"widget\" data-e-type=\"widget\" data-widget_type=\"divider.default\">\n\t\t\t\t<div class=\"elementor-widget-container\">\n\t\t\t\t\t\t\t<div class=\"elementor-divider\">\n\t\t\t<span class=\"elementor-divider-separator\">\n\t\t\t\t\t\t<\/span>\n\t\t<\/div>\n\t\t\t\t\t\t<\/div>\n\t\t\t\t<\/div>\n\t\t\t\t<div class=\"elementor-element elementor-element-e80a3d0 elementor-widget-mobile__width-initial elementor-widget elementor-widget-text-editor\" data-id=\"e80a3d0\" data-element_type=\"widget\" data-e-type=\"widget\" data-widget_type=\"text-editor.default\">\n\t\t\t\t<div class=\"elementor-widget-container\">\n\t\t\t\t\t\t\t\t\t<p>O'Livia kwam in juni 2015 als vier weken oud veulen bij ons, samen met haar moeder Mare. O'Livia had in haar eerste weken al veel meegemaakt, waaronder een aantal minder leuke ervaringen.<\/p><p>\u00a0<\/p><p>Mare had haar hele leven doorgebracht bij verschillende handelaren en werd gebruikt als fokmerrie. Toen ze bij ons kwam, mocht ze voor altijd bij haar laatste veulen, O'Livia, zijn en gewoon moeder zijn. Helaas is Mare in 2021 overleden.<\/p><p>\u00a0<\/p><p>In de loop der jaren heeft O'Livia geleerd om mensen te vertrouwen en is ze een zelfverzekerde partner geworden. Van een bang veulen tot een betrouwbare partner.\u00a0<\/p>\t\t\t\t\t\t\t\t<\/div>\n\t\t\t\t<\/div>\n\t\t\t\t<\/div>\n\t\t<div class=\"elementor-element elementor-element-c30624c e-con-full e-flex e-con e-child\" data-id=\"c30624c\" data-element_type=\"container\" data-e-type=\"container\">\n\t\t\t\t<div class=\"elementor-element elementor-element-5a7b24e elementor-widget__width-initial elementor-widget elementor-widget-image\" data-id=\"5a7b24e\" data-element_type=\"widget\" data-e-type=\"widget\" data-widget_type=\"image.default\">\n\t\t\t\t<div class=\"elementor-widget-container\">\n\t\t\t\t\t\t\t\t\t\t\t\t\t\t\t<img loading=\"lazy\" decoding=\"async\" width=\"1536\" height=\"1426\" src=\"https:\/\/purehorsetraining.de\/wp-content\/uploads\/2024\/02\/IMG_1388-e1709833449638.jpeg\" class=\"attachment-full size-full wp-image-1830\" alt=\"\" srcset=\"https:\/\/purehorsetraining.de\/wp-content\/uploads\/2024\/02\/IMG_1388-e1709833449638.jpeg 1536w, https:\/\/purehorsetraining.de\/wp-content\/uploads\/2024\/02\/IMG_1388-e1709833449638-300x279.jpeg 300w, https:\/\/purehorsetraining.de\/wp-content\/uploads\/2024\/02\/IMG_1388-e1709833449638-1024x951.jpeg 1024w, https:\/\/purehorsetraining.de\/wp-content\/uploads\/2024\/02\/IMG_1388-e1709833449638-768x713.jpeg 768w, https:\/\/purehorsetraining.de\/wp-content\/uploads\/2024\/02\/IMG_1388-e1709833449638-13x12.jpeg 13w, https:\/\/purehorsetraining.de\/wp-content\/uploads\/2024\/02\/IMG_1388-e1709833449638-600x557.jpeg 600w, https:\/\/purehorsetraining.de\/wp-content\/uploads\/2024\/02\/elementor\/thumbs\/IMG_1388-e1709833449638-qkvdx0bxq61qhkjcy9yss8z645elgxn2wcqlc8pm76.jpeg 30w\" sizes=\"(max-width: 1536px) 100vw, 1536px\" \/>\t\t\t\t\t\t\t\t\t\t\t\t\t\t\t<\/div>\n\t\t\t\t<\/div>\n\t\t\t\t<\/div>\n\t\t\t\t<\/div>\n\t\t\t\t\t<\/div>\n\t\t<\/div>\n\t\t\t\t\t<\/div>\n\t\t<\/section>\n\t\t\t\t<\/div>","protected":false},"excerpt":{"rendered":"<p>\u00dcber Melissa Melissa Moens Meine Leidenschaft ist es, Pferde und Menschen einander n\u00e4her zu bringen, damit sie ein besseres Verst\u00e4ndnis [&hellip;]<\/p>\n","protected":false},"author":2,"featured_media":0,"parent":0,"menu_order":0,"comment_status":"closed","ping_status":"closed","template":"","meta":{"site-sidebar-layout":"no-sidebar","site-content-layout":"page-builder","ast-site-content-layout":"full-width-container","site-content-style":"unboxed","site-sidebar-style":"unboxed","ast-global-header-display":"","ast-banner-title-visibility":"","ast-main-header-display":"","ast-hfb-above-header-display":"","ast-hfb-below-header-display":"","ast-hfb-mobile-header-display":"","site-post-title":"disabled","ast-breadcrumbs-content":"","ast-featured-img":"disabled","footer-sml-layout":"","ast-disable-related-posts":"","theme-transparent-header-meta":"","adv-header-id-meta":"","stick-header-meta":"","header-above-stick-meta":"","header-main-stick-meta":"","header-below-stick-meta":"","astra-migrate-meta-layouts":"set","ast-page-background-enabled":"default","ast-page-background-meta":{"desktop":{"background-color":"var(--ast-global-color-4)","background-image":"","background-repeat":"repeat","background-position":"center center","background-size":"auto","background-attachment":"scroll","background-type":"","background-media":"","overlay-type":"","overlay-color":"","overlay-opacity":"","overlay-gradient":""},"tablet":{"background-color":"","background-image":"","background-repeat":"repeat","background-position":"center center","background-size":"auto","background-attachment":"scroll","background-type":"","background-media":"","overlay-type":"","overlay-color":"","overlay-opacity":"","overlay-gradient":""},"mobile":{"background-color":"","background-image":"","background-repeat":"repeat","background-position":"center center","background-size":"auto","background-attachment":"scroll","background-type":"","background-media":"","overlay-type":"","overlay-color":"","overlay-opacity":"","overlay-gradient":""}},"ast-content-background-meta":{"desktop":{"background-color":"var(--ast-global-color-5)","background-image":"","background-repeat":"repeat","background-position":"center center","background-size":"auto","background-attachment":"scroll","background-type":"","background-media":"","overlay-type":"","overlay-color":"","overlay-opacity":"","overlay-gradient":""},"tablet":{"background-color":"var(--ast-global-color-5)","background-image":"","background-repeat":"repeat","background-position":"center center","background-size":"auto","background-attachment":"scroll","background-type":"","background-media":"","overlay-type":"","overlay-color":"","overlay-opacity":"","overlay-gradient":""},"mobile":{"background-color":"var(--ast-global-color-5)","background-image":"","background-repeat":"repeat","background-position":"center center","background-size":"auto","background-attachment":"scroll","background-type":"","background-media":"","overlay-type":"","overlay-color":"","overlay-opacity":"","overlay-gradient":""}},"footnotes":""},"class_list":["post-26","page","type-page","status-publish","hentry"],"_links":{"self":[{"href":"https:\/\/purehorsetraining.de\/nl_nl\/wp-json\/wp\/v2\/pages\/26","targetHints":{"allow":["GET"]}}],"collection":[{"href":"https:\/\/purehorsetraining.de\/nl_nl\/wp-json\/wp\/v2\/pages"}],"about":[{"href":"https:\/\/purehorsetraining.de\/nl_nl\/wp-json\/wp\/v2\/types\/page"}],"author":[{"embeddable":true,"href":"https:\/\/purehorsetraining.de\/nl_nl\/wp-json\/wp\/v2\/users\/2"}],"replies":[{"embeddable":true,"href":"https:\/\/purehorsetraining.de\/nl_nl\/wp-json\/wp\/v2\/comments?post=26"}],"version-history":[{"count":3,"href":"https:\/\/purehorsetraining.de\/nl_nl\/wp-json\/wp\/v2\/pages\/26\/revisions"}],"predecessor-version":[{"id":3538,"href":"https:\/\/purehorsetraining.de\/nl_nl\/wp-json\/wp\/v2\/pages\/26\/revisions\/3538"}],"wp:attachment":[{"href":"https:\/\/purehorsetraining.de\/nl_nl\/wp-json\/wp\/v2\/media?parent=26"}],"curies":[{"name":"wp","href":"https:\/\/api.w.org\/{rel}","templated":true}]}}