{"id":2359,"date":"2024-03-19T10:15:24","date_gmt":"2024-03-19T10:15:24","guid":{"rendered":"https:\/\/purehorsetherapy.de\/?page_id=2359"},"modified":"2026-01-12T12:08:05","modified_gmt":"2026-01-12T11:08:05","slug":"impressum","status":"publish","type":"page","link":"https:\/\/purehorsetraining.de\/nl_nl\/impressum\/","title":{"rendered":"Impressum"},"content":{"rendered":"<h1>Impressum<\/h1>\n<p><strong>Impressum<\/strong><\/p>\n<p>Pure Horse Training<br \/>J\u00fcmberger Stra\u00dfe 8<br \/>26909 Neub\u00f6rger<\/p>\n<p>Teil von Pure Horse Paradise<\/p>\n<p><strong>Contact<\/strong><br \/>Telefoon: +49 171 5300393<br \/>E-Mail: info@purehorsetraining.de<\/p>\n<p><strong>BTW nummer<\/strong><br \/>Omzetbelastingidentificatienummer volgens \u00a7 27 a van de wet op de omzetbelasting:<br \/>DE310199092<\/p>\n<p><strong>Redactioneel verantwoordelijk<\/strong><br \/>Melissa Moens<\/p>\n<p><strong>Centrum voor beslechting van consumentengeschillen\/universeel arbitragecentrum<\/strong><br \/>We zijn niet bereid of verplicht om deel te nemen aan<br \/>geschillenbeslechtingsprocedures voor een\narbitragecommissie voor consumentenzaken.<\/p>\n<p><strong>Aansprakelijkheid voor links<\/strong><\/p>\n<p>Onze website bevat links naar externe websites van derden op de inhoud waarvan wij geen invloed hebben. Daarom kunnen wij geen aansprakelijkheid aanvaarden voor deze inhoud van derden. Voor de inhoud van de gelinkte pagina's is altijd de desbetreffende aanbieder of exploitant van de pagina's verantwoordelijk. De gekoppelde pagina's werden op het moment van koppelen gecontroleerd op mogelijke wetsovertredingen. Illegale inhoud was op het moment van linken niet herkenbaar.<\/p>\n<p>Een permanente controle van de inhoud van de gelinkte pagina's is echter niet redelijk zonder concrete aanwijzingen voor een overtreding. Als we ons bewust worden van wettelijke overtredingen, zullen we dergelijke links onmiddellijk verwijderen.<\/p>\n<p><strong>Auteursrecht<\/strong><\/p>\n<p>De door de sitebeheerders op deze pagina's gecre\u00eberde inhoud en werken vallen onder het Duitse auteursrecht. Voor vermenigvuldiging, bewerking, verspreiding en elke vorm van gebruik buiten de grenzen van het auteursrecht is de schriftelijke toestemming van de betreffende auteur of maker vereist. Downloads en kopie\u00ebn van deze site zijn alleen toegestaan voor priv\u00e9-, niet-commercieel gebruik.<\/p>\n<p>Voor zover de inhoud op deze site niet door de exploitant is gemaakt, worden de auteursrechten van derden gerespecteerd. Inhoud van derden wordt als zodanig aangeduid. Mocht u desondanks een inbreuk op het auteursrecht constateren, dan verzoeken wij u ons hiervan op de hoogte te stellen. Als wij kennis nemen van inbreuken, zullen wij deze inhoud onmiddellijk verwijderen.<\/p>\n<p><strong>Bron:<\/strong><br \/>eRecht24<\/p>","protected":false},"excerpt":{"rendered":"<p>Impressum Impressum Pure Horse TrainingJ\u00fcmberger Stra\u00dfe 826909 Neub\u00f6rger Teil von Pure Horse Paradise KontaktTelefon: +49 (0) 171 5300393E-Mail: info@purehorsetraining.de Umsatzsteuer-IDUmsatzsteuer-Identifikationsnummer [&hellip;]<\/p>\n","protected":false},"author":2,"featured_media":0,"parent":0,"menu_order":0,"comment_status":"closed","ping_status":"closed","template":"","meta":{"site-sidebar-layout":"no-sidebar","site-content-layout":"page-builder","ast-site-content-layout":"full-width-container","site-content-style":"default","site-sidebar-style":"default","ast-global-header-display":"","ast-banner-title-visibility":"","ast-main-header-display":"","ast-hfb-above-header-display":"","ast-hfb-below-header-display":"","ast-hfb-mobile-header-display":"","site-post-title":"disabled","ast-breadcrumbs-content":"","ast-featured-img":"disabled","footer-sml-layout":"","ast-disable-related-posts":"","theme-transparent-header-meta":"","adv-header-id-meta":"","stick-header-meta":"","header-above-stick-meta":"","header-main-stick-meta":"","header-below-stick-meta":"","astra-migrate-meta-layouts":"set","ast-page-background-enabled":"default","ast-page-background-meta":{"desktop":{"background-color":"var(--ast-global-color-4)","background-image":"","background-repeat":"repeat","background-position":"center center","background-size":"auto","background-attachment":"scroll","background-type":"","background-media":"","overlay-type":"","overlay-color":"","overlay-opacity":"","overlay-gradient":""},"tablet":{"background-color":"","background-image":"","background-repeat":"repeat","background-position":"center center","background-size":"auto","background-attachment":"scroll","background-type":"","background-media":"","overlay-type":"","overlay-color":"","overlay-opacity":"","overlay-gradient":""},"mobile":{"background-color":"","background-image":"","background-repeat":"repeat","background-position":"center center","background-size":"auto","background-attachment":"scroll","background-type":"","background-media":"","overlay-type":"","overlay-color":"","overlay-opacity":"","overlay-gradient":""}},"ast-content-background-meta":{"desktop":{"background-color":"var(--ast-global-color-5)","background-image":"","background-repeat":"repeat","background-position":"center center","background-size":"auto","background-attachment":"scroll","background-type":"","background-media":"","overlay-type":"","overlay-color":"","overlay-opacity":"","overlay-gradient":""},"tablet":{"background-color":"var(--ast-global-color-5)","background-image":"","background-repeat":"repeat","background-position":"center center","background-size":"auto","background-attachment":"scroll","background-type":"","background-media":"","overlay-type":"","overlay-color":"","overlay-opacity":"","overlay-gradient":""},"mobile":{"background-color":"var(--ast-global-color-5)","background-image":"","background-repeat":"repeat","background-position":"center center","background-size":"auto","background-attachment":"scroll","background-type":"","background-media":"","overlay-type":"","overlay-color":"","overlay-opacity":"","overlay-gradient":""}},"footnotes":""},"class_list":["post-2359","page","type-page","status-publish","hentry"],"_links":{"self":[{"href":"https:\/\/purehorsetraining.de\/nl_nl\/wp-json\/wp\/v2\/pages\/2359","targetHints":{"allow":["GET"]}}],"collection":[{"href":"https:\/\/purehorsetraining.de\/nl_nl\/wp-json\/wp\/v2\/pages"}],"about":[{"href":"https:\/\/purehorsetraining.de\/nl_nl\/wp-json\/wp\/v2\/types\/page"}],"author":[{"embeddable":true,"href":"https:\/\/purehorsetraining.de\/nl_nl\/wp-json\/wp\/v2\/users\/2"}],"replies":[{"embeddable":true,"href":"https:\/\/purehorsetraining.de\/nl_nl\/wp-json\/wp\/v2\/comments?post=2359"}],"version-history":[{"count":0,"href":"https:\/\/purehorsetraining.de\/nl_nl\/wp-json\/wp\/v2\/pages\/2359\/revisions"}],"wp:attachment":[{"href":"https:\/\/purehorsetraining.de\/nl_nl\/wp-json\/wp\/v2\/media?parent=2359"}],"curies":[{"name":"wp","href":"https:\/\/api.w.org\/{rel}","templated":true}]}}